{"id":9226,"date":"2023-02-16T21:54:51","date_gmt":"2023-02-17T02:54:51","guid":{"rendered":"https:\/\/ecjtech.com\/inicio\/?page_id=9226"},"modified":"2023-02-20T12:29:56","modified_gmt":"2023-02-20T17:29:56","slug":"proyectos","status":"publish","type":"page","link":"https:\/\/andes-cor.com\/?page_id=9226","title":{"rendered":"Proyectos"},"content":{"rendered":"<section class=\"wpb-content-wrapper\"><p>[vc_row][vc_column width=\u00bb1\/4&#8243;][\/vc_column][vc_column width=\u00bb1\/2&#8243;][vc_wp_search][\/vc_column][vc_column width=\u00bb1\/4&#8243;][\/vc_column][\/vc_row][vc_row][vc_column]\t\t\t\t\t\t\t\t\t\t<ul class=\"portfolio-filters et-masonry-filters-list\">\r\n\t\t\t\t\t\t\t<li><a href=\"#\" data-category-id=\"all\" data-filter=\"*\" class=\"btn-filter active\">Mostrar todo<\/a><\/li>\r\n\t\t\t\t\t\t\t\t\t\t\t\t\t\t\t\t\t\t<li><a href=\"#\" data-category-id=\"37\" data-filter=\".portfolio_category-ejecutados\" class=\"filter-btn \">Ejecutados<\/a><\/li>\r\n\t\t\t\t\t\t\t\t\t\t\t\t\t\t\t\t\t\t\t<li><a href=\"#\" data-category-id=\"38\" data-filter=\".portfolio_category-en-ejecucion\" class=\"filter-btn \">En ejecuci\u00f3n<\/a><\/li>\r\n\t\t\t\t\t\t\t\t\t\t\t\t\t\t\t<\/ul>\r\n\t\t\t\t\t\t\t\t\t\t\t\t\t\t\t<div class=\"portfolio-wrapper clearfix spacing-1 portfolio-9408\">\r\n\t\t\t\t\t\t\t\t<div class=\"portfolio\">\r\n\t\t\t\t\t\t<div class=\"portfolio-item col-md-4 col-sm-6 col-xs-6 columns-count-3 port-style-classic no-full-width grid-sizer post-9352 etheme_portfolio type-etheme_portfolio status-publish has-post-thumbnail hentry portfolio_category-en-ejecucion\">\r\n\t<div class=\"portfolio-item-inner\">\r\n\t\t\t\t\t<div class=\"portfolio-image\">\r\n\t\t\t\t<a href=\"https:\/\/andes-cor.com\/?etheme_portfolio=servicio-de-reemplazo-del-sistema-contra-incendio-planta-de-ventas-iquitos\">\r\n        \t\t\t<img class=\"\" src=\"https:\/\/andes-cor.com\/wp-content\/uploads\/2023\/02\/proye-500x500.png\" width=\"500\" height=\"500\" alt=\"proye\" title=\"proye\" \/>\t\t\t\t<\/a>\r\n\t\t\t\t<div class=\"zoom\">\r\n\t\t\t\t\t<a href=\"https:\/\/andes-cor.com\/wp-content\/uploads\/2023\/02\/proye.png\" class=\"btn-lightbox\" rel=\"lightbox\"><span>View large<\/span><\/a>\r\n\t\t\t\t\t<a href=\"https:\/\/andes-cor.com\/?etheme_portfolio=servicio-de-reemplazo-del-sistema-contra-incendio-planta-de-ventas-iquitos\" class=\"btn btn-view-more\"><span>More details<\/span><\/a>\r\n\t\t\t\t<\/div>\r\n\t\t\t<\/div>\r\n\t\t\t\t<div class=\"portfolio-descr\">\r\n\t\t\t<span class=\"posted-in\"><a href=\"https:\/\/andes-cor.com\/?portfolio_category=en-ejecucion\">En ejecuci\u00f3n<\/a><\/span>\r\n\t\t\t<p class=\"project-title\"><a href=\"https:\/\/andes-cor.com\/?etheme_portfolio=servicio-de-reemplazo-del-sistema-contra-incendio-planta-de-ventas-iquitos\">SERVICIO DE REEMPLAZO DEL SISTEMA CONTRA INCENDIO PLANTA DE VENTAS IQUITOS<\/a><\/p>\r\n\t\t<\/div>\r\n\t<\/div>\r\n<\/div><div class=\"portfolio-item col-md-4 col-sm-6 col-xs-6 columns-count-3 port-style-classic no-full-width post-9354 etheme_portfolio type-etheme_portfolio status-publish has-post-thumbnail hentry portfolio_category-en-ejecucion\">\r\n\t<div class=\"portfolio-item-inner\">\r\n\t\t\t\t\t<div class=\"portfolio-image\">\r\n\t\t\t\t<a href=\"https:\/\/andes-cor.com\/?etheme_portfolio=servicio-de-reemplazo-del-sistema-contra-incendio-de-ventas-tarapoto\">\r\n        \t\t\t<img class=\"\" src=\"https:\/\/andes-cor.com\/wp-content\/uploads\/2023\/02\/bomba-500x500.png\" width=\"500\" height=\"500\" alt=\"bomba\" title=\"bomba\" \/>\t\t\t\t<\/a>\r\n\t\t\t\t<div class=\"zoom\">\r\n\t\t\t\t\t<a href=\"https:\/\/andes-cor.com\/wp-content\/uploads\/2023\/02\/bomba.png\" class=\"btn-lightbox\" rel=\"lightbox\"><span>View large<\/span><\/a>\r\n\t\t\t\t\t<a href=\"https:\/\/andes-cor.com\/?etheme_portfolio=servicio-de-reemplazo-del-sistema-contra-incendio-de-ventas-tarapoto\" class=\"btn btn-view-more\"><span>More details<\/span><\/a>\r\n\t\t\t\t<\/div>\r\n\t\t\t<\/div>\r\n\t\t\t\t<div class=\"portfolio-descr\">\r\n\t\t\t<span class=\"posted-in\"><a href=\"https:\/\/andes-cor.com\/?portfolio_category=en-ejecucion\">En ejecuci\u00f3n<\/a><\/span>\r\n\t\t\t<p class=\"project-title\"><a href=\"https:\/\/andes-cor.com\/?etheme_portfolio=servicio-de-reemplazo-del-sistema-contra-incendio-de-ventas-tarapoto\">SERVICIO DE REEMPLAZO DEL SISTEMA CONTRA INCENDIO DE VENTAS TARAPOTO<\/a><\/p>\r\n\t\t<\/div>\r\n\t<\/div>\r\n<\/div><div class=\"portfolio-item col-md-4 col-sm-6 col-xs-6 columns-count-3 port-style-classic no-full-width post-9019 etheme_portfolio type-etheme_portfolio status-publish has-post-thumbnail hentry portfolio_category-ejecutados\">\r\n\t<div class=\"portfolio-item-inner\">\r\n\t\t\t\t\t<div class=\"portfolio-image\">\r\n\t\t\t\t<a href=\"https:\/\/andes-cor.com\/?etheme_portfolio=servicio-de-reemplazo-de-panel-de-control-de-la-turbobomba-5gt2-de-estacion-n-05-y-de-la-turbobomba-6gt2-de-estacion-n-06-del-onp\">\r\n        \t\t\t<img class=\"\" src=\"https:\/\/andes-cor.com\/wp-content\/uploads\/2023\/01\/P.png\" width=\"500\" height=\"500\" alt=\"P\" title=\"P\" \/>\t\t\t\t<\/a>\r\n\t\t\t\t<div class=\"zoom\">\r\n\t\t\t\t\t<a href=\"https:\/\/andes-cor.com\/wp-content\/uploads\/2023\/01\/P.png\" class=\"btn-lightbox\" rel=\"lightbox\"><span>View large<\/span><\/a>\r\n\t\t\t\t\t<a href=\"https:\/\/andes-cor.com\/?etheme_portfolio=servicio-de-reemplazo-de-panel-de-control-de-la-turbobomba-5gt2-de-estacion-n-05-y-de-la-turbobomba-6gt2-de-estacion-n-06-del-onp\" class=\"btn btn-view-more\"><span>More details<\/span><\/a>\r\n\t\t\t\t<\/div>\r\n\t\t\t<\/div>\r\n\t\t\t\t<div class=\"portfolio-descr\">\r\n\t\t\t<span class=\"posted-in\"><a href=\"https:\/\/andes-cor.com\/?portfolio_category=ejecutados\">Ejecutados<\/a><\/span>\r\n\t\t\t<p class=\"project-title\"><a href=\"https:\/\/andes-cor.com\/?etheme_portfolio=servicio-de-reemplazo-de-panel-de-control-de-la-turbobomba-5gt2-de-estacion-n-05-y-de-la-turbobomba-6gt2-de-estacion-n-06-del-onp\">SERVICIO DE REEMPLAZO DE PANEL DE CONTROL DE LA TURBOBOMBA 5GT2 DE ESTACI\u00d3N N\u00b0 05 Y DE LA TURBOBOMBA 6GT2 DE ESTACI\u00d3N N\u00b0 06 DEL ONP<\/a><\/p>\r\n\t\t<\/div>\r\n\t<\/div>\r\n<\/div><div class=\"portfolio-item col-md-4 col-sm-6 col-xs-6 columns-count-3 port-style-classic no-full-width post-9017 etheme_portfolio type-etheme_portfolio status-publish has-post-thumbnail hentry portfolio_category-ejecutados\">\r\n\t<div class=\"portfolio-item-inner\">\r\n\t\t\t\t\t<div class=\"portfolio-image\">\r\n\t\t\t\t<a href=\"https:\/\/andes-cor.com\/?etheme_portfolio=servicio-de-reemplazo-de-modernizacion-de-tablero-de-control-de-turbina-tb-4000-del-onp-del-proyecto-panamax-ii\">\r\n        \t\t\t<img class=\"\" src=\"https:\/\/andes-cor.com\/wp-content\/uploads\/2023\/01\/BOMBA-500x500.jpeg\" width=\"500\" height=\"500\" alt=\"BOMBA\" title=\"BOMBA\" \/>\t\t\t\t<\/a>\r\n\t\t\t\t<div class=\"zoom\">\r\n\t\t\t\t\t<a href=\"https:\/\/andes-cor.com\/wp-content\/uploads\/2023\/01\/BOMBA.jpeg\" class=\"btn-lightbox\" rel=\"lightbox\"><span>View large<\/span><\/a>\r\n\t\t\t\t\t<a href=\"https:\/\/andes-cor.com\/?etheme_portfolio=servicio-de-reemplazo-de-modernizacion-de-tablero-de-control-de-turbina-tb-4000-del-onp-del-proyecto-panamax-ii\" class=\"btn btn-view-more\"><span>More details<\/span><\/a>\r\n\t\t\t\t<\/div>\r\n\t\t\t<\/div>\r\n\t\t\t\t<div class=\"portfolio-descr\">\r\n\t\t\t<span class=\"posted-in\"><a href=\"https:\/\/andes-cor.com\/?portfolio_category=ejecutados\">Ejecutados<\/a><\/span>\r\n\t\t\t<p class=\"project-title\"><a href=\"https:\/\/andes-cor.com\/?etheme_portfolio=servicio-de-reemplazo-de-modernizacion-de-tablero-de-control-de-turbina-tb-4000-del-onp-del-proyecto-panamax-ii\">SERVICIO DE REEMPLAZO DE MODERNIZACION DE TABLERO DE CONTROL DE TURBINA TB 4000 DEL ONP DEL PROYECTO PANAMAX II<\/a><\/p>\r\n\t\t<\/div>\r\n\t<\/div>\r\n<\/div><div class=\"portfolio-item col-md-4 col-sm-6 col-xs-6 columns-count-3 port-style-classic no-full-width post-8988 etheme_portfolio type-etheme_portfolio status-publish has-post-thumbnail hentry portfolio_category-ejecutados\">\r\n\t<div class=\"portfolio-item-inner\">\r\n\t\t\t\t\t<div class=\"portfolio-image\">\r\n\t\t\t\t<a href=\"https:\/\/andes-cor.com\/?etheme_portfolio=servicio-de-instalacion-del-sistema-stand-by-de-bombeo-en-elterminal-bayovar-del-onp-para-el-desembarque-de-petroleo-crudo\">\r\n        \t\t\t<img class=\"\" src=\"https:\/\/andes-cor.com\/wp-content\/uploads\/2023\/01\/PORTA.png\" width=\"500\" height=\"500\" alt=\"PORTA\" title=\"PORTA\" \/>\t\t\t\t<\/a>\r\n\t\t\t\t<div class=\"zoom\">\r\n\t\t\t\t\t<a href=\"https:\/\/andes-cor.com\/wp-content\/uploads\/2023\/01\/PORTA.png\" class=\"btn-lightbox\" rel=\"lightbox\"><span>View large<\/span><\/a>\r\n\t\t\t\t\t<a href=\"https:\/\/andes-cor.com\/?etheme_portfolio=servicio-de-instalacion-del-sistema-stand-by-de-bombeo-en-elterminal-bayovar-del-onp-para-el-desembarque-de-petroleo-crudo\" class=\"btn btn-view-more\"><span>More details<\/span><\/a>\r\n\t\t\t\t<\/div>\r\n\t\t\t<\/div>\r\n\t\t\t\t<div class=\"portfolio-descr\">\r\n\t\t\t<span class=\"posted-in\"><a href=\"https:\/\/andes-cor.com\/?portfolio_category=ejecutados\">Ejecutados<\/a><\/span>\r\n\t\t\t<p class=\"project-title\"><a href=\"https:\/\/andes-cor.com\/?etheme_portfolio=servicio-de-instalacion-del-sistema-stand-by-de-bombeo-en-elterminal-bayovar-del-onp-para-el-desembarque-de-petroleo-crudo\">SERVICIO DE INSTALACI\u00d3N DEL SISTEMA STAND BY DE BOMBEO EN EL TERMINAL BAY\u00d3VAR DEL ONP PARA EL DESEMBARQUE DE PETR\u00d3LEO CRUDO<\/a><\/p>\r\n\t\t<\/div>\r\n\t<\/div>\r\n<\/div><div class=\"portfolio-item col-md-4 col-sm-6 col-xs-6 columns-count-3 port-style-classic no-full-width post-9022 etheme_portfolio type-etheme_portfolio status-publish has-post-thumbnail hentry portfolio_category-ejecutados\">\r\n\t<div class=\"portfolio-item-inner\">\r\n\t\t\t\t\t<div class=\"portfolio-image\">\r\n\t\t\t\t<a href=\"https:\/\/andes-cor.com\/?etheme_portfolio=servicio-de-diseno-y-fabricacion-de-tablero-de-control-para-una-motor-caterpilar-para-el-proyecto-panamax-1\">\r\n        \t\t\t<img class=\"\" src=\"https:\/\/andes-cor.com\/wp-content\/uploads\/2023\/01\/PP.png\" width=\"500\" height=\"500\" alt=\"PP\" title=\"PP\" \/>\t\t\t\t<\/a>\r\n\t\t\t\t<div class=\"zoom\">\r\n\t\t\t\t\t<a href=\"https:\/\/andes-cor.com\/wp-content\/uploads\/2023\/01\/PP.png\" class=\"btn-lightbox\" rel=\"lightbox\"><span>View large<\/span><\/a>\r\n\t\t\t\t\t<a href=\"https:\/\/andes-cor.com\/?etheme_portfolio=servicio-de-diseno-y-fabricacion-de-tablero-de-control-para-una-motor-caterpilar-para-el-proyecto-panamax-1\" class=\"btn btn-view-more\"><span>More details<\/span><\/a>\r\n\t\t\t\t<\/div>\r\n\t\t\t<\/div>\r\n\t\t\t\t<div class=\"portfolio-descr\">\r\n\t\t\t<span class=\"posted-in\"><a href=\"https:\/\/andes-cor.com\/?portfolio_category=ejecutados\">Ejecutados<\/a><\/span>\r\n\t\t\t<p class=\"project-title\"><a href=\"https:\/\/andes-cor.com\/?etheme_portfolio=servicio-de-diseno-y-fabricacion-de-tablero-de-control-para-una-motor-caterpilar-para-el-proyecto-panamax-1\">SERVICIO DE DISE\u00d1O Y FABRICACION DE TABLERO DE CONTROL PARA UNA MOTOR CATERPILAR PARA EL PROYECTO PANAMAX 1<\/a><\/p>\r\n\t\t<\/div>\r\n\t<\/div>\r\n<\/div><div class=\"portfolio-item col-md-4 col-sm-6 col-xs-6 columns-count-3 port-style-classic no-full-width post-8955 etheme_portfolio type-etheme_portfolio status-publish has-post-thumbnail hentry portfolio_category-ejecutados\">\r\n\t<div class=\"portfolio-item-inner\">\r\n\t\t\t\t\t<div class=\"portfolio-image\">\r\n\t\t\t\t<a href=\"https:\/\/andes-cor.com\/?etheme_portfolio=rehabilitacion-de-la-central-termica-de-mollendo-de-30mw\">\r\n        \t\t\t<img class=\"\" src=\"https:\/\/andes-cor.com\/wp-content\/uploads\/2023\/01\/NC5XC2T3V5C4HCQID3OPFYLUWM-500x500.jpg\" width=\"500\" height=\"500\" alt=\"NC5XC2T3V5C4HCQID3OPFYLUWM\" title=\"NC5XC2T3V5C4HCQID3OPFYLUWM\" \/>\t\t\t\t<\/a>\r\n\t\t\t\t<div class=\"zoom\">\r\n\t\t\t\t\t<a href=\"https:\/\/andes-cor.com\/wp-content\/uploads\/2023\/01\/NC5XC2T3V5C4HCQID3OPFYLUWM.jpg\" class=\"btn-lightbox\" rel=\"lightbox\"><span>View large<\/span><\/a>\r\n\t\t\t\t\t<a href=\"https:\/\/andes-cor.com\/?etheme_portfolio=rehabilitacion-de-la-central-termica-de-mollendo-de-30mw\" class=\"btn btn-view-more\"><span>More details<\/span><\/a>\r\n\t\t\t\t<\/div>\r\n\t\t\t<\/div>\r\n\t\t\t\t<div class=\"portfolio-descr\">\r\n\t\t\t<span class=\"posted-in\"><a href=\"https:\/\/andes-cor.com\/?portfolio_category=ejecutados\">Ejecutados<\/a><\/span>\r\n\t\t\t<p class=\"project-title\"><a href=\"https:\/\/andes-cor.com\/?etheme_portfolio=rehabilitacion-de-la-central-termica-de-mollendo-de-30mw\">REHABILITACI\u00d3N DE LA CENTRAL T\u00c9RMICA DE MOLLEDO DE 30 MW<\/a><\/p>\r\n\t\t<\/div>\r\n\t<\/div>\r\n<\/div><div class=\"portfolio-item col-md-4 col-sm-6 col-xs-6 columns-count-3 port-style-classic no-full-width post-9014 etheme_portfolio type-etheme_portfolio status-publish has-post-thumbnail hentry portfolio_category-ejecutados\">\r\n\t<div class=\"portfolio-item-inner\">\r\n\t\t\t\t\t<div class=\"portfolio-image\">\r\n\t\t\t\t<a href=\"https:\/\/andes-cor.com\/?etheme_portfolio=proyectos-de-sistemas-de-control-y-supervision-scada-para-sistemas-de-bombeo-compresion-generacion-con-turbo-maquinarias\">\r\n        \t\t\t<img class=\"\" src=\"https:\/\/andes-cor.com\/wp-content\/uploads\/2023\/01\/PO.png\" width=\"500\" height=\"500\" alt=\"PO\" title=\"PO\" \/>\t\t\t\t<\/a>\r\n\t\t\t\t<div class=\"zoom\">\r\n\t\t\t\t\t<a href=\"https:\/\/andes-cor.com\/wp-content\/uploads\/2023\/01\/PO.png\" class=\"btn-lightbox\" rel=\"lightbox\"><span>View large<\/span><\/a>\r\n\t\t\t\t\t<a href=\"https:\/\/andes-cor.com\/?etheme_portfolio=proyectos-de-sistemas-de-control-y-supervision-scada-para-sistemas-de-bombeo-compresion-generacion-con-turbo-maquinarias\" class=\"btn btn-view-more\"><span>More details<\/span><\/a>\r\n\t\t\t\t<\/div>\r\n\t\t\t<\/div>\r\n\t\t\t\t<div class=\"portfolio-descr\">\r\n\t\t\t<span class=\"posted-in\"><a href=\"https:\/\/andes-cor.com\/?portfolio_category=ejecutados\">Ejecutados<\/a><\/span>\r\n\t\t\t<p class=\"project-title\"><a href=\"https:\/\/andes-cor.com\/?etheme_portfolio=proyectos-de-sistemas-de-control-y-supervision-scada-para-sistemas-de-bombeo-compresion-generacion-con-turbo-maquinarias\">PROYECTOS DE SISTEMAS DE CONTROL Y SUPERVISI\u00d3N (SCADA) PARA SISTEMAS DE BOMBEO, COMPRESI\u00d3N, GENERACI\u00d3N CON TURBO MAQUINARIAS<\/a><\/p>\r\n\t\t<\/div>\r\n\t<\/div>\r\n<\/div><div class=\"portfolio-item col-md-4 col-sm-6 col-xs-6 columns-count-3 port-style-classic no-full-width post-8990 etheme_portfolio type-etheme_portfolio status-publish has-post-thumbnail hentry portfolio_category-ejecutados\">\r\n\t<div class=\"portfolio-item-inner\">\r\n\t\t\t\t\t<div class=\"portfolio-image\">\r\n\t\t\t\t<a href=\"https:\/\/andes-cor.com\/?etheme_portfolio=instalacion-del-sistema-de-bombeo-en-terminal-bayovar-para-el-desembarque-de-petroleo-crudo-en-buques-tanque-de-450-mb\">\r\n        \t\t\t<img class=\"\" src=\"https:\/\/andes-cor.com\/wp-content\/uploads\/2023\/01\/bayovar-500x500.jpg\" width=\"500\" height=\"500\" alt=\"bayovar\" title=\"bayovar\" \/>\t\t\t\t<\/a>\r\n\t\t\t\t<div class=\"zoom\">\r\n\t\t\t\t\t<a href=\"https:\/\/andes-cor.com\/wp-content\/uploads\/2023\/01\/bayovar.jpg\" class=\"btn-lightbox\" rel=\"lightbox\"><span>View large<\/span><\/a>\r\n\t\t\t\t\t<a href=\"https:\/\/andes-cor.com\/?etheme_portfolio=instalacion-del-sistema-de-bombeo-en-terminal-bayovar-para-el-desembarque-de-petroleo-crudo-en-buques-tanque-de-450-mb\" class=\"btn btn-view-more\"><span>More details<\/span><\/a>\r\n\t\t\t\t<\/div>\r\n\t\t\t<\/div>\r\n\t\t\t\t<div class=\"portfolio-descr\">\r\n\t\t\t<span class=\"posted-in\"><a href=\"https:\/\/andes-cor.com\/?portfolio_category=ejecutados\">Ejecutados<\/a><\/span>\r\n\t\t\t<p class=\"project-title\"><a href=\"https:\/\/andes-cor.com\/?etheme_portfolio=instalacion-del-sistema-de-bombeo-en-terminal-bayovar-para-el-desembarque-de-petroleo-crudo-en-buques-tanque-de-450-mb\">INSTALACI\u00d3N DEL SISTEMA DE BOMBEO EN TERMINAL BAY\u00d3VAR PARA EL DESEMBARQUE DE PETR\u00d3LEO CRUDO EN BUQUES TANQUE DE 450 MB<\/a><\/p>\r\n\t\t<\/div>\r\n\t<\/div>\r\n<\/div>\t\t\t\t\t<\/div>\r\n\r\n\t\t\t\t        <link rel=\"stylesheet\" href=\"https:\/\/andes-cor.com\/wp-content\/themes\/xstore\/css\/modules\/pagination.min.css?ver=0.0.1\" type=\"text\/css\" media=\"all\" \/> \t\t\r\n\t\t\t\t<div class=\"etheme-pagination portfolio-pagination\">\r\n\t\t\t\t\r\n\t\t\t\t<nav class=\"pagination-cubic\"><ul class=\"page-numbers\"><li><span class=\"page-numbers current\">1<\/span><\/li><li><a href=\"https:\/\/andes-cor.com\/?page_id=9226&et-paged=2\" class=\"inactive\">2<\/a><\/li><li><a href=\"https:\/\/andes-cor.com\/?page_id=9226&et-paged=2\" class=\"next page-numbers\"><i class=\"et-icon et-right-arrow\"><\/i><\/a><\/li><\/ul><\/nav>\r\n\t\t\t\t\r\n\t\t\t\t<\/div>\r\n\t        \t\t\t\r\n\t\t\t\t\t<div\r\n\t\t\t\tclass=\"et-load-portfolio\"\r\n\t\t\t\tdata-class=\"portfolio-9408\"\r\n\t\t\t\tdata-portfolio-category-page=\"\"\r\n\t\t\t\tdata-portfolio-category-page-name=\"\"\r\n\t\t\t\tdata-limit=\"9\"\r\n\t\t\t\tdata-columns=\"3\">\r\n\t\t\t\t<span class=\"hidden et-element-args\" type=\"text\/template\" data-element=\"et_portfolio\">\r\n                    {\"pages\":2,\"paged\":1,\"class\":\"portfolio-pagination\",\"type\":\"custom\",\"url\":\"https:\\\/\\\/andes-cor.com\\\/?page_id=9226\"}  \r\n                <\/span>\r\n\t\t\t<\/div>\r\n\t\t<\/div>[\/vc_column][\/vc_row]<\/p>\n<\/section>","protected":false},"excerpt":{"rendered":"<p>[vc_row][vc_column width=\u00bb1\/4&#8243;][\/vc_column][vc_column width=\u00bb1\/2&#8243;][vc_wp_search][\/vc_column][vc_column width=\u00bb1\/4&#8243;][\/vc_column][\/vc_row][vc_row][vc_column][\/vc_column][\/vc_row]<\/p>\n","protected":false},"author":1,"featured_media":0,"parent":0,"menu_order":0,"comment_status":"closed","ping_status":"closed","template":"","meta":{"_joinchat":[]},"_links":{"self":[{"href":"https:\/\/andes-cor.com\/index.php?rest_route=\/wp\/v2\/pages\/9226"}],"collection":[{"href":"https:\/\/andes-cor.com\/index.php?rest_route=\/wp\/v2\/pages"}],"about":[{"href":"https:\/\/andes-cor.com\/index.php?rest_route=\/wp\/v2\/types\/page"}],"author":[{"embeddable":true,"href":"https:\/\/andes-cor.com\/index.php?rest_route=\/wp\/v2\/users\/1"}],"replies":[{"embeddable":true,"href":"https:\/\/andes-cor.com\/index.php?rest_route=%2Fwp%2Fv2%2Fcomments&post=9226"}],"version-history":[{"count":5,"href":"https:\/\/andes-cor.com\/index.php?rest_route=\/wp\/v2\/pages\/9226\/revisions"}],"predecessor-version":[{"id":9355,"href":"https:\/\/andes-cor.com\/index.php?rest_route=\/wp\/v2\/pages\/9226\/revisions\/9355"}],"wp:attachment":[{"href":"https:\/\/andes-cor.com\/index.php?rest_route=%2Fwp%2Fv2%2Fmedia&parent=9226"}],"curies":[{"name":"wp","href":"https:\/\/api.w.org\/{rel}","templated":true}]}}